{"id":49,"date":"2023-08-30T07:11:05","date_gmt":"2023-08-30T07:11:05","guid":{"rendered":"https:\/\/leak24.eu\/?page_id=49"},"modified":"2023-08-30T07:34:22","modified_gmt":"2023-08-30T07:34:22","slug":"impressum","status":"publish","type":"page","link":"https:\/\/leak24.eu\/index.php\/impressum\/","title":{"rendered":"Impressum"},"content":{"rendered":"\n<p><strong>LEAK24 GmbH<\/strong><br>Spielberger Weg 46<br>40474 D\u00fcsseldorf<br>Tel. 0211 \u2013 68 77 670<br>FAX 0211 \u2013 69 99 214<br>E-Mail:\u00a0<a href=\"mailto:info@dhv24.eu\">info@leak24.eu<\/a><\/p>\n\n\n\n<p>HRB 53588 AG D\u00fcsseldorf<\/p>\n\n\n\n<p>Haftungshinweis:<br>Trotz sorgf\u00e4ltiger inhaltlicher Kontrolle \u00fcbernehmen wir keine Haftung f\u00fcr die Inhalte externer Links. F\u00fcr den Inhalt der verlinkten Seiten sind ausschlie\u00dflich deren Betreiber verantwortlich.<\/p>\n","protected":false},"excerpt":{"rendered":"<p>LEAK24 GmbHSpielberger Weg 4640474 D\u00fcsseldorfTel. 0211 \u2013 68 77 670FAX 0211 \u2013 69 99 214E-Mail:\u00a0info@leak24.eu HRB 53588 AG D\u00fcsseldorf Haftungshinweis:Trotz sorgf\u00e4ltiger inhaltlicher Kontrolle \u00fcbernehmen wir keine Haftung f\u00fcr die Inhalte externer Links. F\u00fcr den Inhalt der verlinkten Seiten sind ausschlie\u00dflich deren Betreiber verantwortlich.<\/p>\n","protected":false},"author":1,"featured_media":0,"parent":0,"menu_order":0,"comment_status":"closed","ping_status":"closed","template":"","meta":{"footnotes":""},"categories":[],"tags":[],"class_list":["post-49","page","type-page","status-publish","hentry"],"_links":{"self":[{"href":"https:\/\/leak24.eu\/index.php\/wp-json\/wp\/v2\/pages\/49","targetHints":{"allow":["GET"]}}],"collection":[{"href":"https:\/\/leak24.eu\/index.php\/wp-json\/wp\/v2\/pages"}],"about":[{"href":"https:\/\/leak24.eu\/index.php\/wp-json\/wp\/v2\/types\/page"}],"author":[{"embeddable":true,"href":"https:\/\/leak24.eu\/index.php\/wp-json\/wp\/v2\/users\/1"}],"replies":[{"embeddable":true,"href":"https:\/\/leak24.eu\/index.php\/wp-json\/wp\/v2\/comments?post=49"}],"version-history":[{"count":2,"href":"https:\/\/leak24.eu\/index.php\/wp-json\/wp\/v2\/pages\/49\/revisions"}],"predecessor-version":[{"id":57,"href":"https:\/\/leak24.eu\/index.php\/wp-json\/wp\/v2\/pages\/49\/revisions\/57"}],"wp:attachment":[{"href":"https:\/\/leak24.eu\/index.php\/wp-json\/wp\/v2\/media?parent=49"}],"wp:term":[{"taxonomy":"category","embeddable":true,"href":"https:\/\/leak24.eu\/index.php\/wp-json\/wp\/v2\/categories?post=49"},{"taxonomy":"post_tag","embeddable":true,"href":"https:\/\/leak24.eu\/index.php\/wp-json\/wp\/v2\/tags?post=49"}],"curies":[{"name":"wp","href":"https:\/\/api.w.org\/{rel}","templated":true}]}}